{"id":153,"date":"2022-01-05T21:08:20","date_gmt":"2022-01-05T20:08:20","guid":{"rendered":"https:\/\/schneiderbrett.com\/?page_id=153"},"modified":"2022-02-02T10:17:35","modified_gmt":"2022-02-02T09:17:35","slug":"about","status":"publish","type":"page","link":"https:\/\/schneiderbrett.com\/fr\/about\/","title":{"rendered":"\u00c0 propos"},"content":{"rendered":"","protected":false},"excerpt":{"rendered":"","protected":false},"author":1,"featured_media":0,"parent":0,"menu_order":5,"comment_status":"closed","ping_status":"closed","template":"","meta":[],"class_list":["post-153","page","type-page","status-publish","hentry"],"yoast_head":"<!-- This site is optimized with the Yoast SEO plugin v27.3 - https:\/\/yoast.com\/product\/yoast-seo-wordpress\/ -->\n<title>\u00c0 propos - schneiderbrett.com - design solutions | amadeus schneider<\/title>\n<meta name=\"robots\" content=\"index, follow, max-snippet:-1, max-image-preview:large, max-video-preview:-1\" \/>\n<link rel=\"canonical\" href=\"https:\/\/schneiderbrett.com\/fr\/about\/\" \/>\n<meta property=\"og:locale\" content=\"fr_FR\" \/>\n<meta property=\"og:type\" content=\"article\" \/>\n<meta property=\"og:title\" content=\"\u00c0 propos - schneiderbrett.com - design solutions | amadeus schneider\" \/>\n<meta property=\"og:url\" content=\"https:\/\/schneiderbrett.com\/fr\/about\/\" \/>\n<meta property=\"og:site_name\" content=\"schneiderbrett.com - design solutions | amadeus schneider\" \/>\n<meta property=\"article:modified_time\" content=\"2022-02-02T09:17:35+00:00\" \/>\n<meta name=\"twitter:card\" content=\"summary_large_image\" \/>\n<script type=\"application\/ld+json\" class=\"yoast-schema-graph\">{\"@context\":\"https:\\\/\\\/schema.org\",\"@graph\":[{\"@type\":\"WebPage\",\"@id\":\"https:\\\/\\\/schneiderbrett.com\\\/fr\\\/about\\\/\",\"url\":\"https:\\\/\\\/schneiderbrett.com\\\/fr\\\/about\\\/\",\"name\":\"\u00c0 propos - schneiderbrett.com - design solutions | amadeus schneider\",\"isPartOf\":{\"@id\":\"https:\\\/\\\/schneiderbrett.com\\\/fr\\\/#website\"},\"datePublished\":\"2022-01-05T20:08:20+00:00\",\"dateModified\":\"2022-02-02T09:17:35+00:00\",\"breadcrumb\":{\"@id\":\"https:\\\/\\\/schneiderbrett.com\\\/fr\\\/about\\\/#breadcrumb\"},\"inLanguage\":\"fr-FR\",\"potentialAction\":[{\"@type\":\"ReadAction\",\"target\":[[\"https:\\\/\\\/schneiderbrett.com\\\/fr\\\/about\\\/\"]]}]},{\"@type\":\"BreadcrumbList\",\"@id\":\"https:\\\/\\\/schneiderbrett.com\\\/fr\\\/about\\\/#breadcrumb\",\"itemListElement\":[{\"@type\":\"ListItem\",\"position\":1,\"name\":\"Home\",\"item\":\"https:\\\/\\\/schneiderbrett.com\\\/fr\\\/\"},{\"@type\":\"ListItem\",\"position\":2,\"name\":\"About\"}]},{\"@type\":\"WebSite\",\"@id\":\"https:\\\/\\\/schneiderbrett.com\\\/fr\\\/#website\",\"url\":\"https:\\\/\\\/schneiderbrett.com\\\/fr\\\/\",\"name\":\"schneiderbrett.com - design solutions | amadeus schneider\",\"description\":\"product design solutions\",\"publisher\":{\"@id\":\"https:\\\/\\\/schneiderbrett.com\\\/fr\\\/#organization\"},\"potentialAction\":[{\"@type\":\"SearchAction\",\"target\":{\"@type\":\"EntryPoint\",\"urlTemplate\":\"https:\\\/\\\/schneiderbrett.com\\\/fr\\\/?s={search_term_string}\"},\"query-input\":{\"@type\":\"PropertyValueSpecification\",\"valueRequired\":true,\"valueName\":\"search_term_string\"}}],\"inLanguage\":\"fr-FR\"},{\"@type\":\"Organization\",\"@id\":\"https:\\\/\\\/schneiderbrett.com\\\/fr\\\/#organization\",\"name\":\"schneiderbrett.com - design solutions | amadeus schneider\",\"url\":\"https:\\\/\\\/schneiderbrett.com\\\/fr\\\/\",\"logo\":{\"@type\":\"ImageObject\",\"inLanguage\":\"fr-FR\",\"@id\":\"https:\\\/\\\/schneiderbrett.com\\\/fr\\\/#\\\/schema\\\/logo\\\/image\\\/\",\"url\":\"https:\\\/\\\/schneiderbrett.com\\\/wp-content\\\/uploads\\\/2022\\\/01\\\/20190808schneiderbrett_logo-01.png\",\"contentUrl\":\"https:\\\/\\\/schneiderbrett.com\\\/wp-content\\\/uploads\\\/2022\\\/01\\\/20190808schneiderbrett_logo-01.png\",\"width\":435,\"height\":108,\"caption\":\"schneiderbrett.com - design solutions | amadeus schneider\"},\"image\":{\"@id\":\"https:\\\/\\\/schneiderbrett.com\\\/fr\\\/#\\\/schema\\\/logo\\\/image\\\/\"}}]}<\/script>\n<!-- \/ Yoast SEO plugin. -->","yoast_head_json":{"title":"\u00c0 propos - schneiderbrett.com - design solutions | amadeus schneider","robots":{"index":"index","follow":"follow","max-snippet":"max-snippet:-1","max-image-preview":"max-image-preview:large","max-video-preview":"max-video-preview:-1"},"canonical":"https:\/\/schneiderbrett.com\/fr\/about\/","og_locale":"fr_FR","og_type":"article","og_title":"\u00c0 propos - schneiderbrett.com - design solutions | amadeus schneider","og_url":"https:\/\/schneiderbrett.com\/fr\/about\/","og_site_name":"schneiderbrett.com - design solutions | amadeus schneider","article_modified_time":"2022-02-02T09:17:35+00:00","twitter_card":"summary_large_image","schema":{"@context":"https:\/\/schema.org","@graph":[{"@type":"WebPage","@id":"https:\/\/schneiderbrett.com\/fr\/about\/","url":"https:\/\/schneiderbrett.com\/fr\/about\/","name":"\u00c0 propos - schneiderbrett.com - design solutions | amadeus schneider","isPartOf":{"@id":"https:\/\/schneiderbrett.com\/fr\/#website"},"datePublished":"2022-01-05T20:08:20+00:00","dateModified":"2022-02-02T09:17:35+00:00","breadcrumb":{"@id":"https:\/\/schneiderbrett.com\/fr\/about\/#breadcrumb"},"inLanguage":"fr-FR","potentialAction":[{"@type":"ReadAction","target":[["https:\/\/schneiderbrett.com\/fr\/about\/"]]}]},{"@type":"BreadcrumbList","@id":"https:\/\/schneiderbrett.com\/fr\/about\/#breadcrumb","itemListElement":[{"@type":"ListItem","position":1,"name":"Home","item":"https:\/\/schneiderbrett.com\/fr\/"},{"@type":"ListItem","position":2,"name":"About"}]},{"@type":"WebSite","@id":"https:\/\/schneiderbrett.com\/fr\/#website","url":"https:\/\/schneiderbrett.com\/fr\/","name":"schneiderbrett.com - design solutions | amadeus schneider","description":"product design solutions","publisher":{"@id":"https:\/\/schneiderbrett.com\/fr\/#organization"},"potentialAction":[{"@type":"SearchAction","target":{"@type":"EntryPoint","urlTemplate":"https:\/\/schneiderbrett.com\/fr\/?s={search_term_string}"},"query-input":{"@type":"PropertyValueSpecification","valueRequired":true,"valueName":"search_term_string"}}],"inLanguage":"fr-FR"},{"@type":"Organization","@id":"https:\/\/schneiderbrett.com\/fr\/#organization","name":"schneiderbrett.com - design solutions | amadeus schneider","url":"https:\/\/schneiderbrett.com\/fr\/","logo":{"@type":"ImageObject","inLanguage":"fr-FR","@id":"https:\/\/schneiderbrett.com\/fr\/#\/schema\/logo\/image\/","url":"https:\/\/schneiderbrett.com\/wp-content\/uploads\/2022\/01\/20190808schneiderbrett_logo-01.png","contentUrl":"https:\/\/schneiderbrett.com\/wp-content\/uploads\/2022\/01\/20190808schneiderbrett_logo-01.png","width":435,"height":108,"caption":"schneiderbrett.com - design solutions | amadeus schneider"},"image":{"@id":"https:\/\/schneiderbrett.com\/fr\/#\/schema\/logo\/image\/"}}]}},"grid":"{\r\n  \"colCount\": 12,\r\n  \"colGutter\": 1,\r\n  \"rowGutters\": [\r\n    5,\r\n    5,\r\n    5,\r\n    5,\r\n    5\r\n  ],\r\n  \"frameMargin\": 5,\r\n  \"leftFrameMargin\": 5,\r\n  \"rightFrameMargin\": 5,\r\n  \"topFrameMargin\": 150,\r\n  \"bottomFrameMargin\": 5,\r\n  \"rowAttrs\": [\r\n    {},\r\n    {},\r\n    {},\r\n    {},\r\n    {},\r\n    {}\r\n  ],\r\n  \"bgColor\": null,\r\n  \"cont\": [\r\n    {\r\n      \"type\": \"shortcode\",\r\n      \"cont\": \"[sc name=\\\"page_title\\\"]\",\r\n      \"align\": \"middle\",\r\n      \"row\": 0,\r\n      \"col\": 0,\r\n      \"colspan\": 12,\r\n      \"offsetx\": 0,\r\n      \"offsety\": 0,\r\n      \"spaceabove\": 0,\r\n      \"spacebelow\": 0,\r\n      \"yvel\": 1,\r\n      \"push\": 0,\r\n      \"relid\": 4,\r\n      \"shortcodeid\": 1643298790346,\r\n      \"frameOverflow\": \"\"\r\n    },\r\n    {\r\n      \"type\": \"img\",\r\n      \"cont\": \"\/wp-content\/uploads\/2022\/01\/IMG_0331_ps.jpg\",\r\n      \"align\": \"top\",\r\n      \"row\": 1,\r\n      \"col\": 0,\r\n      \"colspan\": 4,\r\n      \"offsetx\": 0,\r\n      \"offsety\": 0,\r\n      \"spaceabove\": 0,\r\n      \"spacebelow\": 0,\r\n      \"yvel\": 1,\r\n      \"push\": 0,\r\n      \"relid\": 292,\r\n      \"attid\": 316,\r\n      \"sizes\": {\r\n        \"full\": \"\/wp-content\/uploads\/2022\/01\/IMG_0331_ps.jpg\",\r\n        \"_1280\": \"\/wp-content\/uploads\/2022\/01\/IMG_0331_ps-1280x1707.jpg\",\r\n        \"_1024\": \"\/wp-content\/uploads\/2022\/01\/IMG_0331_ps-1024x1365.jpg\",\r\n        \"_768\": \"\/wp-content\/uploads\/2022\/01\/IMG_0331_ps-768x1024.jpg\",\r\n        \"_512\": \"\/wp-content\/uploads\/2022\/01\/IMG_0331_ps-512x683.jpg\",\r\n        \"_265\": \"\/wp-content\/uploads\/2022\/01\/IMG_0331_ps-265x353.jpg\"\r\n      },\r\n      \"w\": 1500,\r\n      \"h\": 2000,\r\n      \"ar\": 1.3333333333333333,\r\n      \"alt\": \"\",\r\n      \"frameOverflow\": \"\"\r\n    },\r\n    {\r\n      \"type\": \"text\",\r\n      \"cont\": \"<h3 class=\\\"_Title_Text\\\">SCHNEIDERBRETT BY AMADEUS SCHNEIDER<span style=\\\"font-family: IBMPlexMono-Light;\\\"><br \/><\/span><\/h3><p class=\\\"_Default\\\">Amadeus Schneider est un designer de produits freelance titulaire d'un baccalaur\u00e9at \u00e8s arts (BA) en design industriel et de produits. Apr\u00e8s avoir obtenu son dipl\u00f4me \u00e0 la Fachhochschule Nordwestschweiz FHNW en 2016, il a pass\u00e9 plusieurs ann\u00e9es \u00e0 acqu\u00e9rir de l'exp\u00e9rience dans les industries du design. En offrant un large spectre de comp\u00e9tences, d'outils cr\u00e9atifs et de services de conception, il vise \u00e0 soutenir les entrepreneurs, les petites \u00e0 grandes entreprises et les clients priv\u00e9s pour cr\u00e9er et g\u00e9rer de nouveaux produits, du concept \u00e0 la production.<\/p>\",\r\n      \"align\": \"top\",\r\n      \"row\": 1,\r\n      \"col\": 4,\r\n      \"colspan\": 8,\r\n      \"offsetx\": 0,\r\n      \"offsety\": 0,\r\n      \"spaceabove\": 0,\r\n      \"spacebelow\": 0,\r\n      \"yvel\": 1,\r\n      \"push\": 0,\r\n      \"relid\": 5\r\n    },\r\n    {\r\n      \"type\": \"stack\",\r\n      \"cont\": [\r\n        {\r\n          \"type\": \"text\",\r\n          \"cont\": \"<h3 class=\\\"_Title_Text\\\">Comp\u00e9tences et outils<\/h3>\",\r\n          \"align\": \"middle\",\r\n          \"row\": -1,\r\n          \"col\": 0,\r\n          \"colspan\": 12,\r\n          \"offsetx\": 0,\r\n          \"offsety\": 0,\r\n          \"spaceabove\": 0,\r\n          \"spacebelow\": 1,\r\n          \"yvel\": 1,\r\n          \"push\": 0,\r\n          \"relid\": 9\r\n        },\r\n        {\r\n          \"type\": \"shortcode\",\r\n          \"cont\": \"[skills_all_pg]\",\r\n          \"align\": \"bottom\",\r\n          \"row\": -1,\r\n          \"col\": 0,\r\n          \"colspan\": 12,\r\n          \"offsetx\": 0,\r\n          \"offsety\": 0,\r\n          \"spaceabove\": 0,\r\n          \"spacebelow\": 0,\r\n          \"yvel\": 1,\r\n          \"push\": 0,\r\n          \"relid\": 11,\r\n          \"shortcodeid\": 1643404035810\r\n        }\r\n      ],\r\n      \"align\": \"top\",\r\n      \"row\": 2,\r\n      \"col\": 0,\r\n      \"colspan\": 12,\r\n      \"offsetx\": 0,\r\n      \"offsety\": 0,\r\n      \"spaceabove\": 0,\r\n      \"spacebelow\": 0,\r\n      \"yvel\": 1,\r\n      \"push\": 0,\r\n      \"relid\": 8,\r\n      \"frameOverflow\": \"\"\r\n    },\r\n    {\r\n      \"type\": \"stack\",\r\n      \"cont\": [\r\n        {\r\n          \"type\": \"text\",\r\n          \"cont\": \"<h3 class=\\\"_Title_Text\\\">Domaines d'activit\u00e9<\/h3>\",\r\n          \"align\": \"middle\",\r\n          \"row\": -1,\r\n          \"col\": 0,\r\n          \"colspan\": 12,\r\n          \"offsetx\": 0,\r\n          \"offsety\": 0,\r\n          \"spaceabove\": 0,\r\n          \"spacebelow\": 1,\r\n          \"yvel\": 1,\r\n          \"push\": 0,\r\n          \"relid\": 7\r\n        },\r\n        {\r\n          \"type\": \"shortcode\",\r\n          \"cont\": \"[work_all_pg]\",\r\n          \"align\": \"bottom\",\r\n          \"row\": -1,\r\n          \"col\": 0,\r\n          \"colspan\": 12,\r\n          \"offsetx\": 0,\r\n          \"offsety\": 0,\r\n          \"spaceabove\": 0,\r\n          \"spacebelow\": 0,\r\n          \"yvel\": 1,\r\n          \"push\": 0,\r\n          \"relid\": 10,\r\n          \"shortcodeid\": 1643394141029\r\n        }\r\n      ],\r\n      \"align\": \"top\",\r\n      \"row\": 3,\r\n      \"col\": 0,\r\n      \"colspan\": 12,\r\n      \"offsetx\": 0,\r\n      \"offsety\": 0,\r\n      \"spaceabove\": 0,\r\n      \"spacebelow\": 0,\r\n      \"yvel\": 1,\r\n      \"push\": 0,\r\n      \"relid\": 6\r\n    },\r\n    {\r\n      \"type\": \"stack\",\r\n      \"cont\": [\r\n        {\r\n          \"type\": \"text\",\r\n          \"cont\": \"<h3 class=\\\"_Title_Text\\\">\u00c9ducation<\/h3>\",\r\n          \"align\": \"top\",\r\n          \"row\": -1,\r\n          \"col\": 0,\r\n          \"colspan\": 12,\r\n          \"offsetx\": 0,\r\n          \"offsety\": 0,\r\n          \"spaceabove\": 0,\r\n          \"spacebelow\": 1,\r\n          \"yvel\": 1,\r\n          \"push\": 0,\r\n          \"relid\": 13\r\n        },\r\n        {\r\n          \"type\": \"shortcode\",\r\n          \"cont\": \"[edu_pg]\",\r\n          \"align\": \"bottom\",\r\n          \"row\": -1,\r\n          \"col\": 0,\r\n          \"colspan\": 12,\r\n          \"offsetx\": 0,\r\n          \"offsety\": 0,\r\n          \"spaceabove\": 0,\r\n          \"spacebelow\": 0,\r\n          \"yvel\": 1,\r\n          \"push\": 0,\r\n          \"relid\": 14,\r\n          \"shortcodeid\": 1643747533081\r\n        }\r\n      ],\r\n      \"align\": \"top\",\r\n      \"row\": 4,\r\n      \"col\": 0,\r\n      \"colspan\": 12,\r\n      \"offsetx\": 0,\r\n      \"offsety\": 0,\r\n      \"spaceabove\": 0,\r\n      \"spacebelow\": 0,\r\n      \"yvel\": 1,\r\n      \"push\": 0,\r\n      \"relid\": 12,\r\n      \"frameOverflow\": \"\"\r\n    },\r\n    {\r\n      \"type\": \"stack\",\r\n      \"cont\": [\r\n        {\r\n          \"type\": \"text\",\r\n          \"cont\": \"<h3 class=\\\"_Title_Text\\\">Clients &amp; Collaborations<\/h3>\",\r\n          \"align\": \"middle\",\r\n          \"row\": -1,\r\n          \"col\": 0,\r\n          \"colspan\": 12,\r\n          \"offsetx\": 0,\r\n          \"offsety\": 0,\r\n          \"spaceabove\": 0,\r\n          \"spacebelow\": 1,\r\n          \"yvel\": 1,\r\n          \"push\": 0,\r\n          \"relid\": 16,\r\n          \"dosync\": false\r\n        },\r\n        {\r\n          \"type\": \"shortcode\",\r\n          \"cont\": \"[client_all_pg]\",\r\n          \"align\": \"bottom\",\r\n          \"row\": -1,\r\n          \"col\": 0,\r\n          \"colspan\": 12,\r\n          \"offsetx\": 0,\r\n          \"offsety\": 0,\r\n          \"spaceabove\": 0,\r\n          \"spacebelow\": 0,\r\n          \"yvel\": 1,\r\n          \"push\": 0,\r\n          \"relid\": 17,\r\n          \"shortcodeid\": 1643747638156\r\n        }\r\n      ],\r\n      \"align\": \"top\",\r\n      \"row\": 5,\r\n      \"col\": 0,\r\n      \"colspan\": 12,\r\n      \"offsetx\": 0,\r\n      \"offsety\": 0,\r\n      \"spaceabove\": 0,\r\n      \"spacebelow\": 1,\r\n      \"yvel\": 1,\r\n      \"push\": 0,\r\n      \"relid\": 15,\r\n      \"frameOverflow\": \"\"\r\n    }\r\n  ]\r\n}","phonegrid":"{\r\n  \"colCount\": 12,\r\n  \"colGutter\": 1,\r\n  \"rowGutters\": [\r\n    10,\r\n    10,\r\n    10,\r\n    \"3\",\r\n    10,\r\n    \"3\",\r\n    10,\r\n    \"3\",\r\n    10,\r\n    \"3\"\r\n  ],\r\n  \"frameMargin\": 5,\r\n  \"leftFrameMargin\": 5,\r\n  \"rightFrameMargin\": 5,\r\n  \"topFrameMargin\": 10,\r\n  \"bottomFrameMargin\": 5,\r\n  \"rowAttrs\": [\r\n    {},\r\n    {},\r\n    {},\r\n    {},\r\n    {},\r\n    {},\r\n    {},\r\n    {},\r\n    {},\r\n    {},\r\n    {}\r\n  ],\r\n  \"bgColor\": null,\r\n  \"cont\": [\r\n    {\r\n      \"type\": \"shortcode\",\r\n      \"cont\": \"[sc name=\\\"page_title\\\"]\",\r\n      \"align\": \"bottom\",\r\n      \"row\": 0,\r\n      \"col\": 0,\r\n      \"colspan\": 12,\r\n      \"offsetx\": 0,\r\n      \"offsety\": 0,\r\n      \"spaceabove\": 0,\r\n      \"spacebelow\": 0,\r\n      \"yvel\": 1,\r\n      \"push\": 0,\r\n      \"relid\": 4,\r\n      \"shortcodeid\": 1643298790346,\r\n      \"frameOverflow\": \"\"\r\n    },\r\n    {\r\n      \"type\": \"img\",\r\n      \"cont\": \"\/wp-content\/uploads\/2022\/01\/IMG_0331_ps.jpg\",\r\n      \"align\": \"bottom\",\r\n      \"row\": 1,\r\n      \"col\": 0,\r\n      \"colspan\": 12,\r\n      \"offsetx\": 0,\r\n      \"offsety\": 0,\r\n      \"spaceabove\": 0,\r\n      \"spacebelow\": 0,\r\n      \"yvel\": 1,\r\n      \"push\": 0,\r\n      \"relid\": 292,\r\n      \"attid\": 316,\r\n      \"sizes\": {\r\n        \"full\": \"\/wp-content\/uploads\/2022\/01\/IMG_0331_ps.jpg\",\r\n        \"_1280\": \"\/wp-content\/uploads\/2022\/01\/IMG_0331_ps-1280x1707.jpg\",\r\n        \"_1024\": \"\/wp-content\/uploads\/2022\/01\/IMG_0331_ps-1024x1365.jpg\",\r\n        \"_768\": \"\/wp-content\/uploads\/2022\/01\/IMG_0331_ps-768x1024.jpg\",\r\n        \"_512\": \"\/wp-content\/uploads\/2022\/01\/IMG_0331_ps-512x683.jpg\",\r\n        \"_265\": \"\/wp-content\/uploads\/2022\/01\/IMG_0331_ps-265x353.jpg\"\r\n      },\r\n      \"w\": 1500,\r\n      \"h\": 2000,\r\n      \"ar\": 1.3333333333333333,\r\n      \"alt\": \"\",\r\n      \"frameOverflow\": \"\"\r\n    },\r\n    {\r\n      \"type\": \"text\",\r\n      \"cont\": \"<h3 class=\\\"_Title_Text\\\">SCHNEIDERBRETT BY AMADEUS SCHNEIDER<span style=\\\"font-family: IBMPlexMono-Light;\\\"><br \/><\/span><\/h3><p class=\\\"_Default\\\">Amadeus Schneider est un designer de produits freelance titulaire d'un baccalaur\u00e9at \u00e8s arts (BA) en design industriel et de produits. Apr\u00e8s avoir obtenu son dipl\u00f4me \u00e0 la Fachhochschule Nordwestschweiz FHNW en 2016, il a pass\u00e9 plusieurs ann\u00e9es \u00e0 acqu\u00e9rir de l'exp\u00e9rience dans les industries du design. En offrant un large spectre de comp\u00e9tences, d'outils cr\u00e9atifs et de services de conception, il vise \u00e0 soutenir les entrepreneurs, les petites \u00e0 grandes entreprises et les clients priv\u00e9s pour cr\u00e9er et g\u00e9rer de nouveaux produits, du concept \u00e0 la production.<\/p>\",\r\n      \"align\": \"bottom\",\r\n      \"row\": 2,\r\n      \"col\": 0,\r\n      \"colspan\": 12,\r\n      \"offsetx\": 0,\r\n      \"offsety\": 0,\r\n      \"spaceabove\": 0,\r\n      \"spacebelow\": 0,\r\n      \"yvel\": 1,\r\n      \"push\": 0,\r\n      \"relid\": 5\r\n    },\r\n    {\r\n      \"type\": \"text\",\r\n      \"cont\": \"<h3 class=\\\"_Title_Text\\\">Comp\u00e9tences et outils<\/h3>\",\r\n      \"align\": \"bottom\",\r\n      \"row\": 3,\r\n      \"col\": 0,\r\n      \"colspan\": 12,\r\n      \"offsetx\": 0,\r\n      \"offsety\": 0,\r\n      \"spaceabove\": 0,\r\n      \"spacebelow\": 0,\r\n      \"yvel\": 1,\r\n      \"push\": 0,\r\n      \"relid\": 9\r\n    },\r\n    {\r\n      \"type\": \"shortcode\",\r\n      \"cont\": \"[skills_all_pg]\",\r\n      \"align\": \"bottom\",\r\n      \"row\": 4,\r\n      \"col\": 0,\r\n      \"colspan\": 12,\r\n      \"offsetx\": 0,\r\n      \"offsety\": 0,\r\n      \"spaceabove\": 0,\r\n      \"spacebelow\": 0,\r\n      \"yvel\": 1,\r\n      \"push\": 0,\r\n      \"relid\": 11,\r\n      \"shortcodeid\": 1643404035810\r\n    },\r\n    {\r\n      \"type\": \"text\",\r\n      \"cont\": \"<h3 class=\\\"_Title_Text\\\">Domaines d'activit\u00e9<\/h3>\",\r\n      \"align\": \"bottom\",\r\n      \"row\": 5,\r\n      \"col\": 0,\r\n      \"colspan\": 12,\r\n      \"offsetx\": 0,\r\n      \"offsety\": 0,\r\n      \"spaceabove\": 0,\r\n      \"spacebelow\": 0,\r\n      \"yvel\": 1,\r\n      \"push\": 0,\r\n      \"relid\": 7\r\n    },\r\n    {\r\n      \"type\": \"shortcode\",\r\n      \"cont\": \"[work_all_pg]\",\r\n      \"align\": \"bottom\",\r\n      \"row\": 6,\r\n      \"col\": 0,\r\n      \"colspan\": 12,\r\n      \"offsetx\": 0,\r\n      \"offsety\": 0,\r\n      \"spaceabove\": 0,\r\n      \"spacebelow\": 0,\r\n      \"yvel\": 1,\r\n      \"push\": 0,\r\n      \"relid\": 10,\r\n      \"shortcodeid\": 1643394141029\r\n    },\r\n    {\r\n      \"type\": \"text\",\r\n      \"cont\": \"<h3 class=\\\"_Title_Text\\\">\u00c9ducation<\/h3>\",\r\n      \"align\": \"bottom\",\r\n      \"row\": 7,\r\n      \"col\": 0,\r\n      \"colspan\": 12,\r\n      \"offsetx\": 0,\r\n      \"offsety\": 0,\r\n      \"spaceabove\": 0,\r\n      \"spacebelow\": 0,\r\n      \"yvel\": 1,\r\n      \"push\": 0,\r\n      \"relid\": 13\r\n    },\r\n    {\r\n      \"type\": \"shortcode\",\r\n      \"cont\": \"[edu_pg]\",\r\n      \"align\": \"bottom\",\r\n      \"row\": 8,\r\n      \"col\": 0,\r\n      \"colspan\": 12,\r\n      \"offsetx\": 0,\r\n      \"offsety\": 0,\r\n      \"spaceabove\": 0,\r\n      \"spacebelow\": 0,\r\n      \"yvel\": 1,\r\n      \"push\": 0,\r\n      \"relid\": 14,\r\n      \"shortcodeid\": 1643747533081\r\n    },\r\n    {\r\n      \"type\": \"text\",\r\n      \"cont\": \"<h3 class=\\\"_Title_Text\\\">Clients &amp; Collaborations<\/h3>\",\r\n      \"align\": \"bottom\",\r\n      \"row\": 9,\r\n      \"col\": 0,\r\n      \"colspan\": 12,\r\n      \"offsetx\": 0,\r\n      \"offsety\": 0,\r\n      \"spaceabove\": 0,\r\n      \"spacebelow\": 0,\r\n      \"yvel\": 1,\r\n      \"push\": 0,\r\n      \"relid\": 16,\r\n      \"dosync\": false\r\n    },\r\n    {\r\n      \"type\": \"shortcode\",\r\n      \"cont\": \"[client_all_pg]\",\r\n      \"align\": \"bottom\",\r\n      \"row\": 10,\r\n      \"col\": 0,\r\n      \"colspan\": 12,\r\n      \"offsetx\": 0,\r\n      \"offsety\": 0,\r\n      \"spaceabove\": 0,\r\n      \"spacebelow\": 1,\r\n      \"yvel\": 1,\r\n      \"push\": 0,\r\n      \"relid\": 17,\r\n      \"shortcodeid\": 1643747638156\r\n    }\r\n  ]\r\n}","_links":{"self":[{"href":"https:\/\/schneiderbrett.com\/fr\/wp-json\/wp\/v2\/pages\/153","targetHints":{"allow":["GET"]}}],"collection":[{"href":"https:\/\/schneiderbrett.com\/fr\/wp-json\/wp\/v2\/pages"}],"about":[{"href":"https:\/\/schneiderbrett.com\/fr\/wp-json\/wp\/v2\/types\/page"}],"author":[{"embeddable":true,"href":"https:\/\/schneiderbrett.com\/fr\/wp-json\/wp\/v2\/users\/1"}],"replies":[{"embeddable":true,"href":"https:\/\/schneiderbrett.com\/fr\/wp-json\/wp\/v2\/comments?post=153"}],"version-history":[{"count":0,"href":"https:\/\/schneiderbrett.com\/fr\/wp-json\/wp\/v2\/pages\/153\/revisions"}],"wp:attachment":[{"href":"https:\/\/schneiderbrett.com\/fr\/wp-json\/wp\/v2\/media?parent=153"}],"curies":[{"name":"wp","href":"https:\/\/api.w.org\/{rel}","templated":true}]}}